{"id":3241,"date":"2025-06-22T14:01:06","date_gmt":"2025-06-22T12:01:06","guid":{"rendered":"https:\/\/my996.fr\/?page_id=3241"},"modified":"2025-06-22T14:34:57","modified_gmt":"2025-06-22T12:34:57","slug":"dysfonctionnement-dune-panne-et-dune-anomalie","status":"publish","type":"page","link":"https:\/\/my996.fr\/?page_id=3241","title":{"rendered":"Dysfonctionnement, panne et anomalie."},"content":{"rendered":"\t\t<div data-elementor-type=\"wp-page\" data-elementor-id=\"3241\" class=\"elementor elementor-3241\" data-elementor-post-type=\"page\">\n\t\t\t\t<div class=\"elementor-element elementor-element-490cb74 e-flex e-con-boxed e-con e-parent\" data-id=\"490cb74\" data-element_type=\"container\" data-e-type=\"container\">\n\t\t\t\t\t<div class=\"e-con-inner\">\n\t\t\t\t<div class=\"elementor-element elementor-element-1d33739 elementor-widget elementor-widget-heading\" data-id=\"1d33739\" data-element_type=\"widget\" data-e-type=\"widget\" data-widget_type=\"heading.default\">\n\t\t\t\t<div class=\"elementor-widget-container\">\n\t\t\t\t\t<h2 class=\"elementor-heading-title elementor-size-default\">Dysfonctionnement, panne et anomalie.<\/h2>\t\t\t\t<\/div>\n\t\t\t\t<\/div>\n\t\t\t\t<div class=\"elementor-element elementor-element-62ed36d elementor-widget elementor-widget-text-editor\" data-id=\"62ed36d\" data-element_type=\"widget\" data-e-type=\"widget\" data-widget_type=\"text-editor.default\">\n\t\t\t\t<div class=\"elementor-widget-container\">\n\t\t\t\t\t\t\t\t\t<p>Que ce soit une alerte au tableau de bord, un bruit suspect ou un comportement anormal du moteur, tout propri\u00e9taire de Porsche 996 est t\u00f4t ou tard confront\u00e9 \u00e0 un souci technique. Pour \u00e9viter des r\u00e9parations inutiles ou co\u00fbteuses, une bonne m\u00e9thode de <strong data-start=\"541\" data-end=\"555\">diagnostic<\/strong> est indispensable. Voici les principales \u00e9tapes \u00e0 suivre pour identifier <strong data-start=\"629\" data-end=\"702\">la cause r\u00e9elle d\u2019un dysfonctionnement, d\u2019une panne ou d\u2019une anomalie<\/strong> sur votre 996.<\/p>\t\t\t\t\t\t\t\t<\/div>\n\t\t\t\t<\/div>\n\t\t\t\t<div class=\"elementor-element elementor-element-96297fa elementor-widget elementor-widget-heading\" data-id=\"96297fa\" data-element_type=\"widget\" data-e-type=\"widget\" data-widget_type=\"heading.default\">\n\t\t\t\t<div class=\"elementor-widget-container\">\n\t\t\t\t\t<h3 class=\"elementor-heading-title elementor-size-default\">1. Observation des sympt\u00f4mes<\/h3>\t\t\t\t<\/div>\n\t\t\t\t<\/div>\n\t\t\t\t<div class=\"elementor-element elementor-element-a20e91f elementor-widget elementor-widget-text-editor\" data-id=\"a20e91f\" data-element_type=\"widget\" data-e-type=\"widget\" data-widget_type=\"text-editor.default\">\n\t\t\t\t<div class=\"elementor-widget-container\">\n\t\t\t\t\t\t\t\t\t<p data-start=\"760\" data-end=\"915\">Avant de plonger dans la technique, prenez le temps d\u2019<strong data-start=\"814\" data-end=\"845\">\u00e9couter, sentir et observer<\/strong>. Voici quelques questions simples qui orientent d\u00e9j\u00e0 vers une piste :<\/p><ul data-start=\"917\" data-end=\"1195\"><li data-start=\"917\" data-end=\"959\"><p data-start=\"919\" data-end=\"959\">Depuis quand le probl\u00e8me est-il apparu ?<\/p><\/li><li data-start=\"960\" data-end=\"1015\"><p data-start=\"962\" data-end=\"1015\">Est-ce li\u00e9 \u00e0 la temp\u00e9rature du moteur ou \u00e0 la m\u00e9t\u00e9o ?<\/p><\/li><li data-start=\"1016\" data-end=\"1076\"><p data-start=\"1018\" data-end=\"1076\">Y a-t-il un bruit, une odeur, une vibration inhabituelle ?<\/p><\/li><li data-start=\"1077\" data-end=\"1124\"><p data-start=\"1079\" data-end=\"1124\">Le probl\u00e8me est-il constant ou intermittent ?<\/p><\/li><li data-start=\"1125\" data-end=\"1195\"><p data-start=\"1127\" data-end=\"1195\">Avez-vous r\u00e9cemment fait une intervention ou un plein de carburant ?<\/p><\/li><\/ul>\t\t\t\t\t\t\t\t<\/div>\n\t\t\t\t<\/div>\n\t\t\t\t<div class=\"elementor-element elementor-element-323ae31 elementor-widget elementor-widget-heading\" data-id=\"323ae31\" data-element_type=\"widget\" data-e-type=\"widget\" data-widget_type=\"heading.default\">\n\t\t\t\t<div class=\"elementor-widget-container\">\n\t\t\t\t\t<h3 class=\"elementor-heading-title elementor-size-default\">2. Utilisation d\u2019une valise de diagnostic OBD2<\/h3>\t\t\t\t<\/div>\n\t\t\t\t<\/div>\n\t\t\t\t<div class=\"elementor-element elementor-element-836bf43 elementor-widget elementor-widget-text-editor\" data-id=\"836bf43\" data-element_type=\"widget\" data-e-type=\"widget\" data-widget_type=\"text-editor.default\">\n\t\t\t\t<div class=\"elementor-widget-container\">\n\t\t\t\t\t\t\t\t\t<p data-start=\"1256\" data-end=\"1411\">La Porsche 996 (comme toute voiture moderne) est \u00e9quip\u00e9e d\u2019un syst\u00e8me OBD2. En branchant une valise (ou lecteur OBD), on peut interroger les calculateurs :<\/p><ul data-start=\"1413\" data-end=\"1749\"><li data-start=\"1413\" data-end=\"1512\"><p data-start=\"1415\" data-end=\"1512\"><strong data-start=\"1415\" data-end=\"1438\">Codes d\u00e9fauts (DTC)<\/strong> : Ils indiquent l\u2019organe concern\u00e9 (ex : P0300 pour des rat\u00e9s d\u2019allumage).<\/p><\/li><li data-start=\"1513\" data-end=\"1617\"><p data-start=\"1515\" data-end=\"1617\"><strong data-start=\"1515\" data-end=\"1540\">Donn\u00e9es en temps r\u00e9el<\/strong> : Temp\u00e9rature moteur, pression de carburant, valeur de la sonde lambda, etc.<\/p><\/li><li data-start=\"1618\" data-end=\"1749\"><p data-start=\"1620\" data-end=\"1749\"><strong data-start=\"1620\" data-end=\"1641\">Tests sp\u00e9cifiques<\/strong> : Sur certains outils, il est possible de forcer une action (activation de relais, tests de composants&#8230;).<\/p><\/li><\/ul><p data-start=\"1751\" data-end=\"1939\">\ud83d\udca1 <em data-start=\"1754\" data-end=\"1939\">Astuce : un outil comme le Durametric ou un lecteur compatible Porsche permet d&rsquo;acc\u00e9der \u00e0 tous les modules (DME, ABS, Tiptronic, etc.) contrairement \u00e0 un simple lecteur OBD universel.<\/em><\/p>\t\t\t\t\t\t\t\t<\/div>\n\t\t\t\t<\/div>\n\t\t\t\t<div class=\"elementor-element elementor-element-c279515 elementor-widget elementor-widget-heading\" data-id=\"c279515\" data-element_type=\"widget\" data-e-type=\"widget\" data-widget_type=\"heading.default\">\n\t\t\t\t<div class=\"elementor-widget-container\">\n\t\t\t\t\t<h3 class=\"elementor-heading-title elementor-size-default\">3. Contr\u00f4les m\u00e9caniques et visuels<\/h3>\t\t\t\t<\/div>\n\t\t\t\t<\/div>\n\t\t\t\t<div class=\"elementor-element elementor-element-8d84229 elementor-widget elementor-widget-text-editor\" data-id=\"8d84229\" data-element_type=\"widget\" data-e-type=\"widget\" data-widget_type=\"text-editor.default\">\n\t\t\t\t<div class=\"elementor-widget-container\">\n\t\t\t\t\t\t\t\t\t<p data-start=\"1989\" data-end=\"2063\">Une fois les premiers indices r\u00e9colt\u00e9s, on passe \u00e0 l&rsquo;inspection physique :<\/p><ul data-start=\"2065\" data-end=\"2454\"><li data-start=\"2065\" data-end=\"2153\"><p data-start=\"2067\" data-end=\"2153\"><strong data-start=\"2067\" data-end=\"2077\">Fuites<\/strong> : V\u00e9rifiez toute trace d\u2019huile, de liquide de refroidissement ou d\u2019essence.<\/p><\/li><li data-start=\"2154\" data-end=\"2255\"><p data-start=\"2156\" data-end=\"2255\"><strong data-start=\"2156\" data-end=\"2184\">Connectiques et c\u00e2blages<\/strong> : Recherchez des fiches d\u00e9branch\u00e9es, oxyd\u00e9es ou des c\u00e2bles endommag\u00e9s.<\/p><\/li><li data-start=\"2256\" data-end=\"2334\"><p data-start=\"2258\" data-end=\"2334\"><strong data-start=\"2258\" data-end=\"2274\">Usure ou jeu<\/strong> : Sur les poulies, supports moteurs, rotules, durites, etc.<\/p><\/li><li data-start=\"2335\" data-end=\"2454\"><p data-start=\"2337\" data-end=\"2454\"><strong data-start=\"2337\" data-end=\"2358\">\u00c9tat des capteurs<\/strong> : D\u00e9bitm\u00e8tre, capteurs de cliquetis, sondes de temp\u00e9rature peuvent se salir ou tomber en panne.<\/p><\/li><\/ul>\t\t\t\t\t\t\t\t<\/div>\n\t\t\t\t<\/div>\n\t\t\t\t<div class=\"elementor-element elementor-element-b2cdc2d elementor-widget elementor-widget-heading\" data-id=\"b2cdc2d\" data-element_type=\"widget\" data-e-type=\"widget\" data-widget_type=\"heading.default\">\n\t\t\t\t<div class=\"elementor-widget-container\">\n\t\t\t\t\t<h3 class=\"elementor-heading-title elementor-size-default\">4. Analyse crois\u00e9e et logique<\/h3>\t\t\t\t<\/div>\n\t\t\t\t<\/div>\n\t\t\t\t<div class=\"elementor-element elementor-element-121024b elementor-widget elementor-widget-text-editor\" data-id=\"121024b\" data-element_type=\"widget\" data-e-type=\"widget\" data-widget_type=\"text-editor.default\">\n\t\t\t\t<div class=\"elementor-widget-container\">\n\t\t\t\t\t\t\t\t\t<p data-start=\"2921\" data-end=\"3066\">Le plus important : <strong data-start=\"2941\" data-end=\"2980\">ne pas changer des pi\u00e8ces au hasard<\/strong>. Une bonne m\u00e9thode de diagnostic repose sur une <strong data-start=\"3029\" data-end=\"3064\">approche logique et progressive<\/strong> :<\/p><ul data-start=\"3068\" data-end=\"3268\"><li data-start=\"3068\" data-end=\"3132\"><p data-start=\"3070\" data-end=\"3132\">Comparez les donn\u00e9es collect\u00e9es avec les valeurs constructeur.<\/p><\/li><li data-start=\"3133\" data-end=\"3165\"><p data-start=\"3135\" data-end=\"3165\">\u00c9liminez les causes une \u00e0 une.<\/p><\/li><li data-start=\"3166\" data-end=\"3268\"><p data-start=\"3168\" data-end=\"3268\">Ne vous fiez pas uniquement \u00e0 un code d\u00e9faut : il donne une direction, pas toujours la cause r\u00e9elle.<\/p><\/li><\/ul>\t\t\t\t\t\t\t\t<\/div>\n\t\t\t\t<\/div>\n\t\t\t\t<div class=\"elementor-element elementor-element-13c3546 elementor-widget elementor-widget-heading\" data-id=\"13c3546\" data-element_type=\"widget\" data-e-type=\"widget\" data-widget_type=\"heading.default\">\n\t\t\t\t<div class=\"elementor-widget-container\">\n\t\t\t\t\t<h3 class=\"elementor-heading-title elementor-size-default\">Conclusion<\/h3>\t\t\t\t<\/div>\n\t\t\t\t<\/div>\n\t\t\t\t<div class=\"elementor-element elementor-element-957520e elementor-widget elementor-widget-text-editor\" data-id=\"957520e\" data-element_type=\"widget\" data-e-type=\"widget\" data-widget_type=\"text-editor.default\">\n\t\t\t\t<div class=\"elementor-widget-container\">\n\t\t\t\t\t\t\t\t\t<p>Le diagnostic est souvent plus crucial que la r\u00e9paration elle-m\u00eame. Bien comprendre le comportement de votre Porsche 996, utiliser les bons outils et garder une approche m\u00e9thodique vous \u00e9vitera bien des erreurs. N\u2019h\u00e9sitez pas \u00e0 documenter vos recherches et \u00e0 partager vos exp\u00e9riences : chaque panne r\u00e9solue enrichit la communaut\u00e9 !<\/p>\t\t\t\t\t\t\t\t<\/div>\n\t\t\t\t<\/div>\n\t\t\t\t\t<\/div>\n\t\t\t\t<\/div>\n\t\t\t\t<\/div>\n\t\t","protected":false},"excerpt":{"rendered":"<p>Dysfonctionnement, panne et anomalie. Que ce soit une alerte au tableau de bord, un bruit suspect ou un comportement anormal du moteur, tout propri\u00e9taire de [&hellip;]<\/p>\n","protected":false},"author":1,"featured_media":0,"parent":0,"menu_order":0,"comment_status":"closed","ping_status":"closed","template":"","meta":{"site-sidebar-layout":"no-sidebar","site-content-layout":"page-builder","ast-site-content-layout":"full-width-container","site-content-style":"default","site-sidebar-style":"default","ast-global-header-display":"","ast-banner-title-visibility":"","ast-main-header-display":"","ast-hfb-above-header-display":"","ast-hfb-below-header-display":"","ast-hfb-mobile-header-display":"","site-post-title":"disabled","ast-breadcrumbs-content":"","ast-featured-img":"disabled","footer-sml-layout":"","theme-transparent-header-meta":"","adv-header-id-meta":"","stick-header-meta":"","header-above-stick-meta":"","header-main-stick-meta":"","header-below-stick-meta":"","astra-migrate-meta-layouts":"set","ast-page-background-enabled":"default","ast-page-background-meta":{"desktop":{"background-color":"var(--ast-global-color-4)","background-image":"","background-repeat":"repeat","background-position":"center center","background-size":"auto","background-attachment":"scroll","background-type":"","background-media":"","overlay-type":"","overlay-color":"","overlay-opacity":"","overlay-gradient":""},"tablet":{"background-color":"","background-image":"","background-repeat":"repeat","background-position":"center center","background-size":"auto","background-attachment":"scroll","background-type":"","background-media":"","overlay-type":"","overlay-color":"","overlay-opacity":"","overlay-gradient":""},"mobile":{"background-color":"","background-image":"","background-repeat":"repeat","background-position":"center center","background-size":"auto","background-attachment":"scroll","background-type":"","background-media":"","overlay-type":"","overlay-color":"","overlay-opacity":"","overlay-gradient":""}},"ast-content-background-meta":{"desktop":{"background-color":"var(--ast-global-color-5)","background-image":"","background-repeat":"repeat","background-position":"center center","background-size":"auto","background-attachment":"scroll","background-type":"","background-media":"","overlay-type":"","overlay-color":"","overlay-opacity":"","overlay-gradient":""},"tablet":{"background-color":"var(--ast-global-color-5)","background-image":"","background-repeat":"repeat","background-position":"center center","background-size":"auto","background-attachment":"scroll","background-type":"","background-media":"","overlay-type":"","overlay-color":"","overlay-opacity":"","overlay-gradient":""},"mobile":{"background-color":"var(--ast-global-color-5)","background-image":"","background-repeat":"repeat","background-position":"center center","background-size":"auto","background-attachment":"scroll","background-type":"","background-media":"","overlay-type":"","overlay-color":"","overlay-opacity":"","overlay-gradient":""}},"footnotes":""},"class_list":["post-3241","page","type-page","status-publish","hentry"],"aioseo_notices":[],"_links":{"self":[{"href":"https:\/\/my996.fr\/index.php?rest_route=\/wp\/v2\/pages\/3241","targetHints":{"allow":["GET"]}}],"collection":[{"href":"https:\/\/my996.fr\/index.php?rest_route=\/wp\/v2\/pages"}],"about":[{"href":"https:\/\/my996.fr\/index.php?rest_route=\/wp\/v2\/types\/page"}],"author":[{"embeddable":true,"href":"https:\/\/my996.fr\/index.php?rest_route=\/wp\/v2\/users\/1"}],"replies":[{"embeddable":true,"href":"https:\/\/my996.fr\/index.php?rest_route=%2Fwp%2Fv2%2Fcomments&post=3241"}],"version-history":[{"count":17,"href":"https:\/\/my996.fr\/index.php?rest_route=\/wp\/v2\/pages\/3241\/revisions"}],"predecessor-version":[{"id":3272,"href":"https:\/\/my996.fr\/index.php?rest_route=\/wp\/v2\/pages\/3241\/revisions\/3272"}],"wp:attachment":[{"href":"https:\/\/my996.fr\/index.php?rest_route=%2Fwp%2Fv2%2Fmedia&parent=3241"}],"curies":[{"name":"wp","href":"https:\/\/api.w.org\/{rel}","templated":true}]}}