{"id":2,"date":"2023-05-31T11:29:39","date_gmt":"2023-05-31T09:29:39","guid":{"rendered":"http:\/\/my996.fr\/?page_id=2"},"modified":"2025-03-20T22:36:45","modified_gmt":"2025-03-20T21:36:45","slug":"page-d-exemple","status":"publish","type":"page","link":"https:\/\/my996.fr\/?page_id=2","title":{"rendered":"TUTORIELS"},"content":{"rendered":"\t\t<div data-elementor-type=\"wp-page\" data-elementor-id=\"2\" class=\"elementor elementor-2\" data-elementor-post-type=\"page\">\n\t\t\t\t\t\t<section class=\"elementor-section elementor-top-section elementor-element elementor-element-78dd64c4 elementor-section-boxed elementor-section-height-default elementor-section-height-default\" data-id=\"78dd64c4\" data-element_type=\"section\" data-e-type=\"section\">\n\t\t\t\t\t\t<div class=\"elementor-container elementor-column-gap-default\">\n\t\t\t\t\t<div class=\"elementor-column elementor-col-100 elementor-top-column elementor-element elementor-element-367b32da\" data-id=\"367b32da\" data-element_type=\"column\" data-e-type=\"column\">\n\t\t\t<div class=\"elementor-widget-wrap elementor-element-populated\">\n\t\t\t\t\t\t<div class=\"elementor-element elementor-element-26a3b7fe elementor-widget elementor-widget-text-editor\" data-id=\"26a3b7fe\" data-element_type=\"widget\" data-e-type=\"widget\" data-widget_type=\"text-editor.default\">\n\t\t\t\t<div class=\"elementor-widget-container\">\n\t\t\t\t\t\t\t\t\t<p data-start=\"0\" data-end=\"43\">Bienvenue sur la page des tutoriels !<\/p><p data-start=\"45\" data-end=\"350\">Que vous soyez un passionn\u00e9 de m\u00e9canique, un d\u00e9butant curieux ou un propri\u00e9taire souhaitant entretenir sa Porsche 996 3.4L, cette section est faite pour vous. Vous y trouverez une collection de tutoriels class\u00e9s par cat\u00e9gorie, couvrant l\u2019entretien, les r\u00e9parations et les am\u00e9liorations de votre 996.<\/p><p data-start=\"352\" data-end=\"751\">Mon objectif est de rendre ces guides clairs, accessibles et pr\u00e9cis, pour que chacun puisse apprendre et intervenir sur sa voiture en toute confiance. Les articles \u00e9voluent au fil de l\u2019avancement de ma propre restauration, en fonction des travaux que je r\u00e9alise sur ma 996. Ainsi, vous trouverez r\u00e9guli\u00e8rement de nouveaux tutoriels et mises \u00e0 jour bas\u00e9es sur des exp\u00e9riences concr\u00e8tes.<\/p><p data-start=\"753\" data-end=\"959\">Que vous souhaitiez r\u00e9aliser une simple vidange ou vous attaquer \u00e0 une op\u00e9ration plus complexe, vous trouverez ici les informations n\u00e9cessaires pour pr\u00e9server votre 911 dans les meilleures conditions.<\/p><p data-start=\"961\" data-end=\"1004\" data-is-last-node=\"\" data-is-only-node=\"\">Bonne lecture et bonne m\u00e9canique !<\/p>\t\t\t\t\t\t\t\t<\/div>\n\t\t\t\t<\/div>\n\t\t\t\t<div class=\"elementor-element elementor-element-9a55965 elementor-widget elementor-widget-heading\" data-id=\"9a55965\" data-element_type=\"widget\" data-e-type=\"widget\" data-widget_type=\"heading.default\">\n\t\t\t\t<div class=\"elementor-widget-container\">\n\t\t\t\t\t<h2 class=\"elementor-heading-title elementor-size-default\">LES DIFF\u00c9RENTES CAT\u00c9GORIES<\/h2>\t\t\t\t<\/div>\n\t\t\t\t<\/div>\n\t\t\t\t\t<\/div>\n\t\t<\/div>\n\t\t\t\t\t<\/div>\n\t\t<\/section>\n\t\t<div class=\"elementor-element elementor-element-63275ef e-flex e-con-boxed e-con e-parent\" data-id=\"63275ef\" data-element_type=\"container\" data-e-type=\"container\">\n\t\t\t\t\t<div class=\"e-con-inner\">\n\t\t<div class=\"elementor-element elementor-element-3abeb16 e-con-full e-flex e-con e-child\" data-id=\"3abeb16\" data-element_type=\"container\" data-e-type=\"container\">\n\t\t\t\t<div class=\"elementor-element elementor-element-f6822f1 elementor-widget elementor-widget-image\" data-id=\"f6822f1\" data-element_type=\"widget\" data-e-type=\"widget\" data-widget_type=\"image.default\">\n\t\t\t\t<div class=\"elementor-widget-container\">\n\t\t\t\t\t\t\t\t\t\t\t\t\t\t\t\t<a href=\"https:\/\/my996.fr\/?cat=22\">\n\t\t\t\t\t\t\t<img fetchpriority=\"high\" decoding=\"async\" width=\"768\" height=\"768\" src=\"https:\/\/my996.fr\/wp-content\/uploads\/2023\/06\/MOTEUR-768x768.png\" class=\"elementor-animation-grow attachment-medium_large size-medium_large wp-image-290\" alt=\"\" srcset=\"https:\/\/my996.fr\/wp-content\/uploads\/2023\/06\/MOTEUR-768x768.png.webp 768w, https:\/\/my996.fr\/wp-content\/uploads\/2023\/06\/MOTEUR-300x300.png.webp 300w, https:\/\/my996.fr\/wp-content\/uploads\/2023\/06\/MOTEUR-150x150.png.webp 150w, https:\/\/my996.fr\/wp-content\/uploads\/2023\/06\/MOTEUR-600x600.png.webp 600w, https:\/\/my996.fr\/wp-content\/uploads\/2023\/06\/MOTEUR-100x100.png.webp 100w, https:\/\/my996.fr\/wp-content\/uploads\/2023\/06\/MOTEUR.png 1000w\" sizes=\"(max-width: 768px) 100vw, 768px\" \/>\t\t\t\t\t\t\t\t<\/a>\n\t\t\t\t\t\t\t\t\t\t\t\t\t\t\t<\/div>\n\t\t\t\t<\/div>\n\t\t\t\t<div class=\"elementor-element elementor-element-169ad41 elementor-widget elementor-widget-image\" data-id=\"169ad41\" data-element_type=\"widget\" data-e-type=\"widget\" data-widget_type=\"image.default\">\n\t\t\t\t<div class=\"elementor-widget-container\">\n\t\t\t\t\t\t\t\t\t\t\t\t\t\t\t\t<a href=\"https:\/\/my996.fr\/?cat=24\">\n\t\t\t\t\t\t\t<img decoding=\"async\" width=\"768\" height=\"768\" src=\"https:\/\/my996.fr\/wp-content\/uploads\/2023\/06\/CARROSSERIE-768x768.png\" class=\"elementor-animation-grow attachment-medium_large size-medium_large wp-image-284\" alt=\"\" srcset=\"https:\/\/my996.fr\/wp-content\/uploads\/2023\/06\/CARROSSERIE-768x768.png.webp 768w, https:\/\/my996.fr\/wp-content\/uploads\/2023\/06\/CARROSSERIE-300x300.png.webp 300w, https:\/\/my996.fr\/wp-content\/uploads\/2023\/06\/CARROSSERIE-150x150.png.webp 150w, https:\/\/my996.fr\/wp-content\/uploads\/2023\/06\/CARROSSERIE-600x600.png.webp 600w, https:\/\/my996.fr\/wp-content\/uploads\/2023\/06\/CARROSSERIE-100x100.png.webp 100w, https:\/\/my996.fr\/wp-content\/uploads\/2023\/06\/CARROSSERIE.png 1000w\" sizes=\"(max-width: 768px) 100vw, 768px\" \/>\t\t\t\t\t\t\t\t<\/a>\n\t\t\t\t\t\t\t\t\t\t\t\t\t\t\t<\/div>\n\t\t\t\t<\/div>\n\t\t\t\t<div class=\"elementor-element elementor-element-2785c64 elementor-widget elementor-widget-image\" data-id=\"2785c64\" data-element_type=\"widget\" data-e-type=\"widget\" data-widget_type=\"image.default\">\n\t\t\t\t<div class=\"elementor-widget-container\">\n\t\t\t\t\t\t\t\t\t\t\t\t\t\t\t\t<a href=\"https:\/\/my996.fr\/?cat=28\">\n\t\t\t\t\t\t\t<img decoding=\"async\" width=\"768\" height=\"768\" src=\"https:\/\/my996.fr\/wp-content\/uploads\/2023\/06\/HABITACLE-768x768.png\" class=\"elementor-animation-grow attachment-medium_large size-medium_large wp-image-289\" alt=\"\" srcset=\"https:\/\/my996.fr\/wp-content\/uploads\/2023\/06\/HABITACLE-768x768.png.webp 768w, https:\/\/my996.fr\/wp-content\/uploads\/2023\/06\/HABITACLE-300x300.png.webp 300w, https:\/\/my996.fr\/wp-content\/uploads\/2023\/06\/HABITACLE-150x150.png.webp 150w, https:\/\/my996.fr\/wp-content\/uploads\/2023\/06\/HABITACLE-600x600.png.webp 600w, https:\/\/my996.fr\/wp-content\/uploads\/2023\/06\/HABITACLE-100x100.png.webp 100w, https:\/\/my996.fr\/wp-content\/uploads\/2023\/06\/HABITACLE-500x500.png.webp 500w, https:\/\/my996.fr\/wp-content\/uploads\/2023\/06\/HABITACLE.png 1000w\" sizes=\"(max-width: 768px) 100vw, 768px\" \/>\t\t\t\t\t\t\t\t<\/a>\n\t\t\t\t\t\t\t\t\t\t\t\t\t\t\t<\/div>\n\t\t\t\t<\/div>\n\t\t\t\t<\/div>\n\t\t<div class=\"elementor-element elementor-element-b631c9d e-con-full e-flex e-con e-child\" data-id=\"b631c9d\" data-element_type=\"container\" data-e-type=\"container\">\n\t\t\t\t<div class=\"elementor-element elementor-element-edc25e6 elementor-widget elementor-widget-image\" data-id=\"edc25e6\" data-element_type=\"widget\" data-e-type=\"widget\" data-widget_type=\"image.default\">\n\t\t\t\t<div class=\"elementor-widget-container\">\n\t\t\t\t\t\t\t\t\t\t\t\t\t\t\t\t<a href=\"https:\/\/my996.fr\/?cat=32\">\n\t\t\t\t\t\t\t<img loading=\"lazy\" decoding=\"async\" width=\"768\" height=\"768\" src=\"https:\/\/my996.fr\/wp-content\/uploads\/2023\/06\/ECHAPPEMENT-768x768.png\" class=\"elementor-animation-grow attachment-medium_large size-medium_large wp-image-286\" alt=\"\" srcset=\"https:\/\/my996.fr\/wp-content\/uploads\/2023\/06\/ECHAPPEMENT-768x768.png.webp 768w, https:\/\/my996.fr\/wp-content\/uploads\/2023\/06\/ECHAPPEMENT-300x300.png.webp 300w, https:\/\/my996.fr\/wp-content\/uploads\/2023\/06\/ECHAPPEMENT-150x150.png.webp 150w, https:\/\/my996.fr\/wp-content\/uploads\/2023\/06\/ECHAPPEMENT-600x600.png.webp 600w, https:\/\/my996.fr\/wp-content\/uploads\/2023\/06\/ECHAPPEMENT-100x100.png.webp 100w, https:\/\/my996.fr\/wp-content\/uploads\/2023\/06\/ECHAPPEMENT.png 1000w\" sizes=\"(max-width: 768px) 100vw, 768px\" \/>\t\t\t\t\t\t\t\t<\/a>\n\t\t\t\t\t\t\t\t\t\t\t\t\t\t\t<\/div>\n\t\t\t\t<\/div>\n\t\t\t\t<div class=\"elementor-element elementor-element-cff273c elementor-widget elementor-widget-image\" data-id=\"cff273c\" data-element_type=\"widget\" data-e-type=\"widget\" data-widget_type=\"image.default\">\n\t\t\t\t<div class=\"elementor-widget-container\">\n\t\t\t\t\t\t\t\t\t\t\t\t\t\t\t\t<a href=\"https:\/\/my996.fr\/?cat=29\">\n\t\t\t\t\t\t\t<img loading=\"lazy\" decoding=\"async\" width=\"768\" height=\"768\" src=\"https:\/\/my996.fr\/wp-content\/uploads\/2023\/06\/TRANSMISSION-768x768.png\" class=\"elementor-animation-grow attachment-medium_large size-medium_large wp-image-283\" alt=\"\" srcset=\"https:\/\/my996.fr\/wp-content\/uploads\/2023\/06\/TRANSMISSION-768x768.png.webp 768w, https:\/\/my996.fr\/wp-content\/uploads\/2023\/06\/TRANSMISSION-300x300.png.webp 300w, https:\/\/my996.fr\/wp-content\/uploads\/2023\/06\/TRANSMISSION-150x150.png.webp 150w, https:\/\/my996.fr\/wp-content\/uploads\/2023\/06\/TRANSMISSION-600x600.png.webp 600w, https:\/\/my996.fr\/wp-content\/uploads\/2023\/06\/TRANSMISSION-100x100.png.webp 100w, https:\/\/my996.fr\/wp-content\/uploads\/2023\/06\/TRANSMISSION.png 1000w\" sizes=\"(max-width: 768px) 100vw, 768px\" \/>\t\t\t\t\t\t\t\t<\/a>\n\t\t\t\t\t\t\t\t\t\t\t\t\t\t\t<\/div>\n\t\t\t\t<\/div>\n\t\t\t\t<div class=\"elementor-element elementor-element-86c09d7 elementor-widget elementor-widget-image\" data-id=\"86c09d7\" data-element_type=\"widget\" data-e-type=\"widget\" data-widget_type=\"image.default\">\n\t\t\t\t<div class=\"elementor-widget-container\">\n\t\t\t\t\t\t\t\t\t\t\t\t\t\t\t\t<a href=\"https:\/\/my996.fr\/?cat=27\">\n\t\t\t\t\t\t\t<img loading=\"lazy\" decoding=\"async\" width=\"768\" height=\"768\" src=\"https:\/\/my996.fr\/wp-content\/uploads\/2023\/06\/ECLAIRAGE-768x768.png\" class=\"elementor-animation-grow attachment-medium_large size-medium_large wp-image-287\" alt=\"\" srcset=\"https:\/\/my996.fr\/wp-content\/uploads\/2023\/06\/ECLAIRAGE-768x768.png.webp 768w, https:\/\/my996.fr\/wp-content\/uploads\/2023\/06\/ECLAIRAGE-300x300.png.webp 300w, https:\/\/my996.fr\/wp-content\/uploads\/2023\/06\/ECLAIRAGE-150x150.png.webp 150w, https:\/\/my996.fr\/wp-content\/uploads\/2023\/06\/ECLAIRAGE-600x600.png.webp 600w, https:\/\/my996.fr\/wp-content\/uploads\/2023\/06\/ECLAIRAGE-100x100.png.webp 100w, https:\/\/my996.fr\/wp-content\/uploads\/2023\/06\/ECLAIRAGE.png 1000w\" sizes=\"(max-width: 768px) 100vw, 768px\" \/>\t\t\t\t\t\t\t\t<\/a>\n\t\t\t\t\t\t\t\t\t\t\t\t\t\t\t<\/div>\n\t\t\t\t<\/div>\n\t\t\t\t<\/div>\n\t\t<div class=\"elementor-element elementor-element-f69a86f e-con-full e-flex e-con e-child\" data-id=\"f69a86f\" data-element_type=\"container\" data-e-type=\"container\">\n\t\t\t\t<div class=\"elementor-element elementor-element-eca5906 elementor-widget elementor-widget-image\" data-id=\"eca5906\" data-element_type=\"widget\" data-e-type=\"widget\" data-widget_type=\"image.default\">\n\t\t\t\t<div class=\"elementor-widget-container\">\n\t\t\t\t\t\t\t\t\t\t\t\t\t\t\t\t<a href=\"https:\/\/my996.fr\/?cat=23\">\n\t\t\t\t\t\t\t<img loading=\"lazy\" decoding=\"async\" width=\"768\" height=\"768\" src=\"https:\/\/my996.fr\/wp-content\/uploads\/2023\/06\/REFROIDISSEMENT-768x768.png\" class=\"elementor-animation-grow attachment-medium_large size-medium_large wp-image-291\" alt=\"\" srcset=\"https:\/\/my996.fr\/wp-content\/uploads\/2023\/06\/REFROIDISSEMENT-768x768.png.webp 768w, https:\/\/my996.fr\/wp-content\/uploads\/2023\/06\/REFROIDISSEMENT-300x300.png.webp 300w, https:\/\/my996.fr\/wp-content\/uploads\/2023\/06\/REFROIDISSEMENT-150x150.png.webp 150w, https:\/\/my996.fr\/wp-content\/uploads\/2023\/06\/REFROIDISSEMENT-600x600.png.webp 600w, https:\/\/my996.fr\/wp-content\/uploads\/2023\/06\/REFROIDISSEMENT-100x100.png.webp 100w, https:\/\/my996.fr\/wp-content\/uploads\/2023\/06\/REFROIDISSEMENT.png 1000w\" sizes=\"(max-width: 768px) 100vw, 768px\" \/>\t\t\t\t\t\t\t\t<\/a>\n\t\t\t\t\t\t\t\t\t\t\t\t\t\t\t<\/div>\n\t\t\t\t<\/div>\n\t\t\t\t<div class=\"elementor-element elementor-element-29a71a8 elementor-widget elementor-widget-image\" data-id=\"29a71a8\" data-element_type=\"widget\" data-e-type=\"widget\" data-widget_type=\"image.default\">\n\t\t\t\t<div class=\"elementor-widget-container\">\n\t\t\t\t\t\t\t\t\t\t\t\t\t\t\t\t<a href=\"https:\/\/my996.fr\/?cat=31\">\n\t\t\t\t\t\t\t<img loading=\"lazy\" decoding=\"async\" width=\"768\" height=\"768\" src=\"https:\/\/my996.fr\/wp-content\/uploads\/2023\/06\/TRAIN-ROULANT-768x768.png\" class=\"elementor-animation-grow attachment-medium_large size-medium_large wp-image-282\" alt=\"\" srcset=\"https:\/\/my996.fr\/wp-content\/uploads\/2023\/06\/TRAIN-ROULANT-768x768.png.webp 768w, https:\/\/my996.fr\/wp-content\/uploads\/2023\/06\/TRAIN-ROULANT-300x300.png.webp 300w, https:\/\/my996.fr\/wp-content\/uploads\/2023\/06\/TRAIN-ROULANT-150x150.png.webp 150w, https:\/\/my996.fr\/wp-content\/uploads\/2023\/06\/TRAIN-ROULANT-600x600.png.webp 600w, https:\/\/my996.fr\/wp-content\/uploads\/2023\/06\/TRAIN-ROULANT-100x100.png.webp 100w, https:\/\/my996.fr\/wp-content\/uploads\/2023\/06\/TRAIN-ROULANT.png 1000w\" sizes=\"(max-width: 768px) 100vw, 768px\" \/>\t\t\t\t\t\t\t\t<\/a>\n\t\t\t\t\t\t\t\t\t\t\t\t\t\t\t<\/div>\n\t\t\t\t<\/div>\n\t\t\t\t<div class=\"elementor-element elementor-element-b8d195e elementor-widget elementor-widget-image\" data-id=\"b8d195e\" data-element_type=\"widget\" data-e-type=\"widget\" data-widget_type=\"image.default\">\n\t\t\t\t<div class=\"elementor-widget-container\">\n\t\t\t\t\t\t\t\t\t\t\t\t\t\t\t\t<a href=\"https:\/\/my996.fr\/?cat=34\">\n\t\t\t\t\t\t\t<img loading=\"lazy\" decoding=\"async\" width=\"768\" height=\"768\" src=\"https:\/\/my996.fr\/wp-content\/uploads\/2023\/06\/DIVERS-768x768.png\" class=\"elementor-animation-grow attachment-medium_large size-medium_large wp-image-285\" alt=\"\" srcset=\"https:\/\/my996.fr\/wp-content\/uploads\/2023\/06\/DIVERS-768x768.png.webp 768w, https:\/\/my996.fr\/wp-content\/uploads\/2023\/06\/DIVERS-300x300.png.webp 300w, https:\/\/my996.fr\/wp-content\/uploads\/2023\/06\/DIVERS-150x150.png.webp 150w, https:\/\/my996.fr\/wp-content\/uploads\/2023\/06\/DIVERS-600x600.png.webp 600w, https:\/\/my996.fr\/wp-content\/uploads\/2023\/06\/DIVERS-100x100.png.webp 100w, https:\/\/my996.fr\/wp-content\/uploads\/2023\/06\/DIVERS.png.webp 1000w\" sizes=\"(max-width: 768px) 100vw, 768px\" \/>\t\t\t\t\t\t\t\t<\/a>\n\t\t\t\t\t\t\t\t\t\t\t\t\t\t\t<\/div>\n\t\t\t\t<\/div>\n\t\t\t\t<\/div>\n\t\t\t\t\t<\/div>\n\t\t\t\t<\/div>\n\t\t\t\t<\/div>\n\t\t","protected":false},"excerpt":{"rendered":"<p>Bienvenue sur la page des tutoriels ! Que vous soyez un passionn\u00e9 de m\u00e9canique, un d\u00e9butant curieux ou un propri\u00e9taire souhaitant entretenir sa Porsche 996 [&hellip;]<\/p>\n","protected":false},"author":1,"featured_media":0,"parent":0,"menu_order":0,"comment_status":"closed","ping_status":"open","template":"","meta":{"site-sidebar-layout":"right-sidebar","site-content-layout":"boxed-container","ast-site-content-layout":"","site-content-style":"default","site-sidebar-style":"default","ast-global-header-display":"","ast-banner-title-visibility":"","ast-main-header-display":"","ast-hfb-above-header-display":"","ast-hfb-below-header-display":"","ast-hfb-mobile-header-display":"","site-post-title":"","ast-breadcrumbs-content":"","ast-featured-img":"","footer-sml-layout":"","theme-transparent-header-meta":"","adv-header-id-meta":"","stick-header-meta":"","header-above-stick-meta":"","header-main-stick-meta":"","header-below-stick-meta":"","astra-migrate-meta-layouts":"default","ast-page-background-enabled":"default","ast-page-background-meta":{"desktop":{"background-color":"var(--ast-global-color-4)","background-image":"","background-repeat":"repeat","background-position":"center center","background-size":"auto","background-attachment":"scroll","background-type":"","background-media":"","overlay-type":"","overlay-color":"","overlay-opacity":"","overlay-gradient":""},"tablet":{"background-color":"","background-image":"","background-repeat":"repeat","background-position":"center center","background-size":"auto","background-attachment":"scroll","background-type":"","background-media":"","overlay-type":"","overlay-color":"","overlay-opacity":"","overlay-gradient":""},"mobile":{"background-color":"","background-image":"","background-repeat":"repeat","background-position":"center center","background-size":"auto","background-attachment":"scroll","background-type":"","background-media":"","overlay-type":"","overlay-color":"","overlay-opacity":"","overlay-gradient":""}},"ast-content-background-meta":{"desktop":{"background-color":"var(--ast-global-color-5)","background-image":"","background-repeat":"repeat","background-position":"center center","background-size":"auto","background-attachment":"scroll","background-type":"","background-media":"","overlay-type":"","overlay-color":"","overlay-opacity":"","overlay-gradient":""},"tablet":{"background-color":"var(--ast-global-color-5)","background-image":"","background-repeat":"repeat","background-position":"center center","background-size":"auto","background-attachment":"scroll","background-type":"","background-media":"","overlay-type":"","overlay-color":"","overlay-opacity":"","overlay-gradient":""},"mobile":{"background-color":"var(--ast-global-color-5)","background-image":"","background-repeat":"repeat","background-position":"center center","background-size":"auto","background-attachment":"scroll","background-type":"","background-media":"","overlay-type":"","overlay-color":"","overlay-opacity":"","overlay-gradient":""}},"footnotes":""},"class_list":["post-2","page","type-page","status-publish","hentry"],"aioseo_notices":[],"_links":{"self":[{"href":"https:\/\/my996.fr\/index.php?rest_route=\/wp\/v2\/pages\/2","targetHints":{"allow":["GET"]}}],"collection":[{"href":"https:\/\/my996.fr\/index.php?rest_route=\/wp\/v2\/pages"}],"about":[{"href":"https:\/\/my996.fr\/index.php?rest_route=\/wp\/v2\/types\/page"}],"author":[{"embeddable":true,"href":"https:\/\/my996.fr\/index.php?rest_route=\/wp\/v2\/users\/1"}],"replies":[{"embeddable":true,"href":"https:\/\/my996.fr\/index.php?rest_route=%2Fwp%2Fv2%2Fcomments&post=2"}],"version-history":[{"count":162,"href":"https:\/\/my996.fr\/index.php?rest_route=\/wp\/v2\/pages\/2\/revisions"}],"predecessor-version":[{"id":3099,"href":"https:\/\/my996.fr\/index.php?rest_route=\/wp\/v2\/pages\/2\/revisions\/3099"}],"wp:attachment":[{"href":"https:\/\/my996.fr\/index.php?rest_route=%2Fwp%2Fv2%2Fmedia&parent=2"}],"curies":[{"name":"wp","href":"https:\/\/api.w.org\/{rel}","templated":true}]}}